{"id":183,"date":"2013-08-10T10:09:09","date_gmt":"2013-08-10T10:09:09","guid":{"rendered":"http:\/\/uxthemes.wpengine.com\/product\/randal-tee-jack-jones\/"},"modified":"2022-07-31T08:43:51","modified_gmt":"2022-07-31T08:43:51","slug":"pp-12","status":"publish","type":"product","link":"https:\/\/dyeing.com.tw\/en\/product\/pp-12\/","title":{"rendered":"Laboratory dyeing auxiliary parts"},"content":{"rendered":"<p><span style=\"font-size: 100%;\">Material : Teflon on the front, high temperature resistant silicone on the back<\/span><\/p>\n<p><span style=\"font-size: 100%;\">Size : \u00d833.4, \u00d848, \u00d870(other sizes can be customized)<\/span><\/p>\n<p><span style=\"font-size: 100%;\"><b>Steel Coasters<\/b><\/span><\/p>\n<p><img loading=\"lazy\" decoding=\"async\" class=\"alignnone size-full wp-image-434\" src=\"https:\/\/dyeing.com.tw\/wp-content\/uploads\/2014\/08\/pp-17.jpg\" alt=\"\" width=\"309\" height=\"230\" \/><img loading=\"lazy\" decoding=\"async\" class=\"alignnone size-full wp-image-436\" src=\"https:\/\/dyeing.com.tw\/wp-content\/uploads\/2014\/08\/pp-19.jpg\" alt=\"\" width=\"306\" height=\"232\" \/><\/p>\n<p><b>Dyeing aid frame<\/b><\/p>\n<p><img loading=\"lazy\" decoding=\"async\" class=\"alignnone size-full wp-image-435\" src=\"https:\/\/dyeing.com.tw\/wp-content\/uploads\/2014\/08\/pp-18.jpg\" alt=\"\" width=\"350\" height=\"231\" \/><\/p>","protected":false},"excerpt":{"rendered":"<p>\u6750\u8cea : \u6b63\u9762\u9435\u6c1f\u9f8d\uff0c\u80cc\u9762\u8010\u9ad8\u6eab\u77fd\u81a0 \u5c3a\u5bf8 : \u00d833.4, \u00d848, \u00d870(\u5176\u5b83\u5c3a\u5bf8\u53ef\u8a02\u88fd) \u92fc\u676f\u588a\u7247 \u52a9 [&#8230;]","protected":false},"featured_media":729,"comment_status":"closed","ping_status":"closed","template":"","meta":[],"product_cat":[15],"product_tag":[],"class_list":["post-183","product","type-product","status-publish","has-post-thumbnail","hentry","product_cat-uncategorized"],"yoast_head":"<!-- This site is optimized with the Yoast SEO plugin v19.6 - https:\/\/yoast.com\/wordpress\/plugins\/seo\/ -->\n<title>\u5316\u9a57\u5ba4\u67d3\u8272\u8f14\u52a9\u96f6\u4ef6 - \u5bcc\u93f5\u96fb\u8166\u79d1\u6280\u6709\u9650\u516c\u53f8 - \u5c08\u696d\u7814\u767c\u88fd\u9020\u5316\u9a57\u5ba4\u5404\u5f0f\u67d3\u8272\u8a66\u9a57\u8a2d\u5099\u53ca\u81ea\u52d5\u5316\u7cfb\u7d71\u5de5\u7a0b<\/title>\n<meta name=\"robots\" content=\"index, follow, max-snippet:-1, max-image-preview:large, max-video-preview:-1\" \/>\n<link rel=\"canonical\" href=\"https:\/\/dyeing.com.tw\/en\/product\/pp-12\/\" \/>\n<meta property=\"og:locale\" content=\"en_US\" \/>\n<meta property=\"og:type\" content=\"article\" \/>\n<meta property=\"og:title\" content=\"\u5316\u9a57\u5ba4\u67d3\u8272\u8f14\u52a9\u96f6\u4ef6 - \u5bcc\u93f5\u96fb\u8166\u79d1\u6280\u6709\u9650\u516c\u53f8 - \u5c08\u696d\u7814\u767c\u88fd\u9020\u5316\u9a57\u5ba4\u5404\u5f0f\u67d3\u8272\u8a66\u9a57\u8a2d\u5099\u53ca\u81ea\u52d5\u5316\u7cfb\u7d71\u5de5\u7a0b\" \/>\n<meta property=\"og:description\" content=\"\u6750\u8cea : \u6b63\u9762\u9435\u6c1f\u9f8d\uff0c\u80cc\u9762\u8010\u9ad8\u6eab\u77fd\u81a0 \u5c3a\u5bf8 : \u00d833.4, \u00d848, \u00d870(\u5176\u5b83\u5c3a\u5bf8\u53ef\u8a02\u88fd) \u92fc\u676f\u588a\u7247 \u52a9 [...]\" \/>\n<meta property=\"og:url\" content=\"https:\/\/dyeing.com.tw\/en\/product\/pp-12\/\" \/>\n<meta property=\"og:site_name\" content=\"\u5bcc\u93f5\u96fb\u8166\u79d1\u6280\u6709\u9650\u516c\u53f8 - \u5c08\u696d\u7814\u767c\u88fd\u9020\u5316\u9a57\u5ba4\u5404\u5f0f\u67d3\u8272\u8a66\u9a57\u8a2d\u5099\u53ca\u81ea\u52d5\u5316\u7cfb\u7d71\u5de5\u7a0b\" \/>\n<meta property=\"article:modified_time\" content=\"2022-07-31T08:43:51+00:00\" \/>\n<meta property=\"og:image\" content=\"https:\/\/dyeing.com.tw\/wp-content\/uploads\/2013\/08\/17.png\" \/>\n\t<meta property=\"og:image:width\" content=\"1000\" \/>\n\t<meta property=\"og:image:height\" content=\"1000\" \/>\n\t<meta property=\"og:image:type\" content=\"image\/png\" \/>\n<meta name=\"twitter:card\" content=\"summary_large_image\" \/>\n<script type=\"application\/ld+json\" class=\"yoast-schema-graph\">{\"@context\":\"https:\/\/schema.org\",\"@graph\":[{\"@type\":\"WebPage\",\"@id\":\"https:\/\/dyeing.com.tw\/product\/pp-12\/\",\"url\":\"https:\/\/dyeing.com.tw\/product\/pp-12\/\",\"name\":\"\u5316\u9a57\u5ba4\u67d3\u8272\u8f14\u52a9\u96f6\u4ef6 - \u5bcc\u93f5\u96fb\u8166\u79d1\u6280\u6709\u9650\u516c\u53f8 - \u5c08\u696d\u7814\u767c\u88fd\u9020\u5316\u9a57\u5ba4\u5404\u5f0f\u67d3\u8272\u8a66\u9a57\u8a2d\u5099\u53ca\u81ea\u52d5\u5316\u7cfb\u7d71\u5de5\u7a0b\",\"isPartOf\":{\"@id\":\"https:\/\/dyeing.com.tw\/#website\"},\"datePublished\":\"2013-08-10T10:09:09+00:00\",\"dateModified\":\"2022-07-31T08:43:51+00:00\",\"breadcrumb\":{\"@id\":\"https:\/\/dyeing.com.tw\/product\/pp-12\/#breadcrumb\"},\"inLanguage\":\"en-US\",\"potentialAction\":[{\"@type\":\"ReadAction\",\"target\":[\"https:\/\/dyeing.com.tw\/product\/pp-12\/\"]}]},{\"@type\":\"BreadcrumbList\",\"@id\":\"https:\/\/dyeing.com.tw\/product\/pp-12\/#breadcrumb\",\"itemListElement\":[{\"@type\":\"ListItem\",\"position\":1,\"name\":\"\u9996\u9801\",\"item\":\"https:\/\/dyeing.com.tw\/\"},{\"@type\":\"ListItem\",\"position\":2,\"name\":\"\u7522\u54c1\u4ecb\u7d39\",\"item\":\"https:\/\/dyeing.com.tw\/shop\/\"},{\"@type\":\"ListItem\",\"position\":3,\"name\":\"\u5316\u9a57\u5ba4\u67d3\u8272\u8f14\u52a9\u96f6\u4ef6\"}]},{\"@type\":\"WebSite\",\"@id\":\"https:\/\/dyeing.com.tw\/#website\",\"url\":\"https:\/\/dyeing.com.tw\/\",\"name\":\"\u5bcc\u93f5\u96fb\u8166\u79d1\u6280\u6709\u9650\u516c\u53f8 - \u5c08\u696d\u7814\u767c\u88fd\u9020\u5316\u9a57\u5ba4\u5404\u5f0f\u67d3\u8272\u8a66\u9a57\u8a2d\u5099\u53ca\u81ea\u52d5\u5316\u7cfb\u7d71\u5de5\u7a0b\",\"description\":\"\u5c08\u696d\u7814\u767c\u88fd\u9020\u5316\u9a57\u5ba4\u5404\u5f0f\u67d3\u8272\u8a66\u9a57\u8a2d\u5099\u53ca\u81ea\u52d5\u5316\u7cfb\u7d71\u5de5\u7a0b\uff0c\u4e26\u63d0\u4f9b\u6280\u8853\u8aee\u8a62\u670d\u52d9\uff0c\u8fc4\u4eca\u5df2\u6709\u5eff\u9918\u5e74\u7684\u5c08\u696d\u5be6\u52d9\u7d93\u9a57\u3002\u6211\u5011\u61c9\u7528\u96fb\u8166\u8f14\u52a9\u8a2d\u8a08AUTO CAD \u52a0\u4e0a\u53ef\u7a0b\u5f0f\u63a7\u5236\uff0c\u9032\u884c\u6a5f\u96fb\u6574\u5408\uff0c\u5be6\u73fe\u6975\u7dfb\u5b8c\u7f8e\u7684\u67d3\u8272\u5de5\u85dd\uff0c\u63d0\u4f9b\u570b\u5167\u5916\u67d3\u5316\u696d\u754c\u73fe\u4ee3\u5316\u751f\u7522\u88fd\u7a0b\u6240\u9700\u9ad8\u54c1\u8cea\u8a66\u9a57\u6a5f\u5668\",\"publisher\":{\"@id\":\"https:\/\/dyeing.com.tw\/#organization\"},\"potentialAction\":[{\"@type\":\"SearchAction\",\"target\":{\"@type\":\"EntryPoint\",\"urlTemplate\":\"https:\/\/dyeing.com.tw\/?s={search_term_string}\"},\"query-input\":\"required name=search_term_string\"}],\"inLanguage\":\"en-US\"},{\"@type\":\"Organization\",\"@id\":\"https:\/\/dyeing.com.tw\/#organization\",\"name\":\"\u5bcc\u93f5\u96fb\u8166\u79d1\u6280\u6709\u9650\u516c\u53f8\",\"url\":\"https:\/\/dyeing.com.tw\/\",\"sameAs\":[],\"logo\":{\"@type\":\"ImageObject\",\"inLanguage\":\"en-US\",\"@id\":\"https:\/\/dyeing.com.tw\/#\/schema\/logo\/image\/\",\"url\":\"https:\/\/dyeing.com.tw\/wp-content\/uploads\/2022\/04\/logo-3-removebg-preview.png\",\"contentUrl\":\"https:\/\/dyeing.com.tw\/wp-content\/uploads\/2022\/04\/logo-3-removebg-preview.png\",\"width\":500,\"height\":100,\"caption\":\"\u5bcc\u93f5\u96fb\u8166\u79d1\u6280\u6709\u9650\u516c\u53f8\"},\"image\":{\"@id\":\"https:\/\/dyeing.com.tw\/#\/schema\/logo\/image\/\"}}]}<\/script>\n<!-- \/ Yoast SEO plugin. -->","yoast_head_json":{"title":"\u5316\u9a57\u5ba4\u67d3\u8272\u8f14\u52a9\u96f6\u4ef6 - \u5bcc\u93f5\u96fb\u8166\u79d1\u6280\u6709\u9650\u516c\u53f8 - \u5c08\u696d\u7814\u767c\u88fd\u9020\u5316\u9a57\u5ba4\u5404\u5f0f\u67d3\u8272\u8a66\u9a57\u8a2d\u5099\u53ca\u81ea\u52d5\u5316\u7cfb\u7d71\u5de5\u7a0b","robots":{"index":"index","follow":"follow","max-snippet":"max-snippet:-1","max-image-preview":"max-image-preview:large","max-video-preview":"max-video-preview:-1"},"canonical":"https:\/\/dyeing.com.tw\/en\/product\/pp-12\/","og_locale":"en_US","og_type":"article","og_title":"\u5316\u9a57\u5ba4\u67d3\u8272\u8f14\u52a9\u96f6\u4ef6 - \u5bcc\u93f5\u96fb\u8166\u79d1\u6280\u6709\u9650\u516c\u53f8 - \u5c08\u696d\u7814\u767c\u88fd\u9020\u5316\u9a57\u5ba4\u5404\u5f0f\u67d3\u8272\u8a66\u9a57\u8a2d\u5099\u53ca\u81ea\u52d5\u5316\u7cfb\u7d71\u5de5\u7a0b","og_description":"\u6750\u8cea : \u6b63\u9762\u9435\u6c1f\u9f8d\uff0c\u80cc\u9762\u8010\u9ad8\u6eab\u77fd\u81a0 \u5c3a\u5bf8 : \u00d833.4, \u00d848, \u00d870(\u5176\u5b83\u5c3a\u5bf8\u53ef\u8a02\u88fd) \u92fc\u676f\u588a\u7247 \u52a9 [...]","og_url":"https:\/\/dyeing.com.tw\/en\/product\/pp-12\/","og_site_name":"\u5bcc\u93f5\u96fb\u8166\u79d1\u6280\u6709\u9650\u516c\u53f8 - \u5c08\u696d\u7814\u767c\u88fd\u9020\u5316\u9a57\u5ba4\u5404\u5f0f\u67d3\u8272\u8a66\u9a57\u8a2d\u5099\u53ca\u81ea\u52d5\u5316\u7cfb\u7d71\u5de5\u7a0b","article_modified_time":"2022-07-31T08:43:51+00:00","og_image":[{"width":1000,"height":1000,"url":"https:\/\/dyeing.com.tw\/wp-content\/uploads\/2013\/08\/17.png","type":"image\/png"}],"twitter_card":"summary_large_image","schema":{"@context":"https:\/\/schema.org","@graph":[{"@type":"WebPage","@id":"https:\/\/dyeing.com.tw\/product\/pp-12\/","url":"https:\/\/dyeing.com.tw\/product\/pp-12\/","name":"\u5316\u9a57\u5ba4\u67d3\u8272\u8f14\u52a9\u96f6\u4ef6 - \u5bcc\u93f5\u96fb\u8166\u79d1\u6280\u6709\u9650\u516c\u53f8 - \u5c08\u696d\u7814\u767c\u88fd\u9020\u5316\u9a57\u5ba4\u5404\u5f0f\u67d3\u8272\u8a66\u9a57\u8a2d\u5099\u53ca\u81ea\u52d5\u5316\u7cfb\u7d71\u5de5\u7a0b","isPartOf":{"@id":"https:\/\/dyeing.com.tw\/#website"},"datePublished":"2013-08-10T10:09:09+00:00","dateModified":"2022-07-31T08:43:51+00:00","breadcrumb":{"@id":"https:\/\/dyeing.com.tw\/product\/pp-12\/#breadcrumb"},"inLanguage":"en-US","potentialAction":[{"@type":"ReadAction","target":["https:\/\/dyeing.com.tw\/product\/pp-12\/"]}]},{"@type":"BreadcrumbList","@id":"https:\/\/dyeing.com.tw\/product\/pp-12\/#breadcrumb","itemListElement":[{"@type":"ListItem","position":1,"name":"\u9996\u9801","item":"https:\/\/dyeing.com.tw\/"},{"@type":"ListItem","position":2,"name":"\u7522\u54c1\u4ecb\u7d39","item":"https:\/\/dyeing.com.tw\/shop\/"},{"@type":"ListItem","position":3,"name":"\u5316\u9a57\u5ba4\u67d3\u8272\u8f14\u52a9\u96f6\u4ef6"}]},{"@type":"WebSite","@id":"https:\/\/dyeing.com.tw\/#website","url":"https:\/\/dyeing.com.tw\/","name":"\u5bcc\u93f5\u96fb\u8166\u79d1\u6280\u6709\u9650\u516c\u53f8 - \u5c08\u696d\u7814\u767c\u88fd\u9020\u5316\u9a57\u5ba4\u5404\u5f0f\u67d3\u8272\u8a66\u9a57\u8a2d\u5099\u53ca\u81ea\u52d5\u5316\u7cfb\u7d71\u5de5\u7a0b","description":"\u5c08\u696d\u7814\u767c\u88fd\u9020\u5316\u9a57\u5ba4\u5404\u5f0f\u67d3\u8272\u8a66\u9a57\u8a2d\u5099\u53ca\u81ea\u52d5\u5316\u7cfb\u7d71\u5de5\u7a0b\uff0c\u4e26\u63d0\u4f9b\u6280\u8853\u8aee\u8a62\u670d\u52d9\uff0c\u8fc4\u4eca\u5df2\u6709\u5eff\u9918\u5e74\u7684\u5c08\u696d\u5be6\u52d9\u7d93\u9a57\u3002\u6211\u5011\u61c9\u7528\u96fb\u8166\u8f14\u52a9\u8a2d\u8a08AUTO CAD \u52a0\u4e0a\u53ef\u7a0b\u5f0f\u63a7\u5236\uff0c\u9032\u884c\u6a5f\u96fb\u6574\u5408\uff0c\u5be6\u73fe\u6975\u7dfb\u5b8c\u7f8e\u7684\u67d3\u8272\u5de5\u85dd\uff0c\u63d0\u4f9b\u570b\u5167\u5916\u67d3\u5316\u696d\u754c\u73fe\u4ee3\u5316\u751f\u7522\u88fd\u7a0b\u6240\u9700\u9ad8\u54c1\u8cea\u8a66\u9a57\u6a5f\u5668","publisher":{"@id":"https:\/\/dyeing.com.tw\/#organization"},"potentialAction":[{"@type":"SearchAction","target":{"@type":"EntryPoint","urlTemplate":"https:\/\/dyeing.com.tw\/?s={search_term_string}"},"query-input":"required name=search_term_string"}],"inLanguage":"en-US"},{"@type":"Organization","@id":"https:\/\/dyeing.com.tw\/#organization","name":"\u5bcc\u93f5\u96fb\u8166\u79d1\u6280\u6709\u9650\u516c\u53f8","url":"https:\/\/dyeing.com.tw\/","sameAs":[],"logo":{"@type":"ImageObject","inLanguage":"en-US","@id":"https:\/\/dyeing.com.tw\/#\/schema\/logo\/image\/","url":"https:\/\/dyeing.com.tw\/wp-content\/uploads\/2022\/04\/logo-3-removebg-preview.png","contentUrl":"https:\/\/dyeing.com.tw\/wp-content\/uploads\/2022\/04\/logo-3-removebg-preview.png","width":500,"height":100,"caption":"\u5bcc\u93f5\u96fb\u8166\u79d1\u6280\u6709\u9650\u516c\u53f8"},"image":{"@id":"https:\/\/dyeing.com.tw\/#\/schema\/logo\/image\/"}}]}},"_links":{"self":[{"href":"https:\/\/dyeing.com.tw\/en\/wp-json\/wp\/v2\/product\/183","targetHints":{"allow":["GET"]}}],"collection":[{"href":"https:\/\/dyeing.com.tw\/en\/wp-json\/wp\/v2\/product"}],"about":[{"href":"https:\/\/dyeing.com.tw\/en\/wp-json\/wp\/v2\/types\/product"}],"replies":[{"embeddable":true,"href":"https:\/\/dyeing.com.tw\/en\/wp-json\/wp\/v2\/comments?post=183"}],"wp:featuredmedia":[{"embeddable":true,"href":"https:\/\/dyeing.com.tw\/en\/wp-json\/wp\/v2\/media\/729"}],"wp:attachment":[{"href":"https:\/\/dyeing.com.tw\/en\/wp-json\/wp\/v2\/media?parent=183"}],"wp:term":[{"taxonomy":"product_cat","embeddable":true,"href":"https:\/\/dyeing.com.tw\/en\/wp-json\/wp\/v2\/product_cat?post=183"},{"taxonomy":"product_tag","embeddable":true,"href":"https:\/\/dyeing.com.tw\/en\/wp-json\/wp\/v2\/product_tag?post=183"}],"curies":[{"name":"wp","href":"https:\/\/api.w.org\/{rel}","templated":true}]}}